{"id":24,"date":"2021-09-27T20:59:32","date_gmt":"2021-09-27T18:59:32","guid":{"rendered":"https:\/\/www.veterinazavodsky.sk\/?page_id=24"},"modified":"2024-08-10T10:17:41","modified_gmt":"2024-08-10T08:17:41","slug":"nas-team","status":"publish","type":"page","link":"https:\/\/www.veterinazavodsky.sk\/?page_id=24","title":{"rendered":"N\u00e1\u0161 team"},"content":{"rendered":"\n<div class=\"wp-block-group\"><div class=\"wp-block-group__inner-container\">\n<div class=\"wp-block-columns\">\n<div class=\"wp-block-column\">\n<p class=\"has-text-align-center\"> <strong>MVDr. R\u00f3bert Z\u00e1vodsk\u00fd<\/strong> <\/p>\n\n\n\n<figure class=\"wp-block-image size-large is-style-rounded\"><img loading=\"lazy\" width=\"768\" height=\"1024\" src=\"https:\/\/www.veterinazavodsky.sk\/wp-content\/uploads\/2021\/10\/IMG_4686-768x1024.jpg\" alt=\"\" class=\"wp-image-221\" srcset=\"https:\/\/www.veterinazavodsky.sk\/wp-content\/uploads\/2021\/10\/IMG_4686-768x1024.jpg 768w, https:\/\/www.veterinazavodsky.sk\/wp-content\/uploads\/2021\/10\/IMG_4686-225x300.jpg 225w, https:\/\/www.veterinazavodsky.sk\/wp-content\/uploads\/2021\/10\/IMG_4686-1152x1536.jpg 1152w, https:\/\/www.veterinazavodsky.sk\/wp-content\/uploads\/2021\/10\/IMG_4686-1536x2048.jpg 1536w, https:\/\/www.veterinazavodsky.sk\/wp-content\/uploads\/2021\/10\/IMG_4686-scaled.jpg 1920w\" sizes=\"(max-width: 768px) 100vw, 768px\" \/><\/figure>\n<\/div>\n\n\n\n<div class=\"wp-block-column\">\n<p class=\"has-text-align-center\"><\/p>\n<\/div>\n<\/div>\n<\/div><\/div>\n\n\n\n<p><strong>MVDr. Romana Z\u00e1vodsk\u00e1<\/strong><\/p>\n\n\n\n<p><strong>MVDr. Nina Kopk\u00e1\u0161ov\u00e1<\/strong><\/p>\n\n\n\n<p><strong>MVDr. Tamara Petrovi\u010dov\u00e1<\/strong><\/p>\n","protected":false},"excerpt":{"rendered":"<p>MVDr. R\u00f3bert Z\u00e1vodsk\u00fd MVDr. Romana Z\u00e1vodsk\u00e1 MVDr. Nina Kopk\u00e1\u0161ov\u00e1 MVDr. Tamara Petrovi\u010dov\u00e1<\/p>\n","protected":false},"author":1,"featured_media":0,"parent":0,"menu_order":0,"comment_status":"closed","ping_status":"closed","template":"","meta":{"_monsterinsights_skip_tracking":false,"_monsterinsights_sitenote_active":false,"_monsterinsights_sitenote_note":"","_monsterinsights_sitenote_category":0},"yoast_head":"<!-- This site is optimized with the Yoast SEO plugin v17.1 - https:\/\/yoast.com\/wordpress\/plugins\/seo\/ -->\n<title>N\u00e1\u0161 team - Veterina Z\u00e1vodsk\u00fd<\/title>\n<meta name=\"description\" content=\"MVDr. R\u00f3bert Z\u00e1vodsk\u00fd, MVDr. Romana Z\u00e1vodsk\u00e1, MVDr. Nina Kopk\u00e1\u0161ov\u00e1, MVDr. Tamara Petrovi\u010dov\u00e1\" \/>\n<meta name=\"robots\" content=\"index, follow, max-snippet:-1, max-image-preview:large, max-video-preview:-1\" \/>\n<link rel=\"canonical\" href=\"https:\/\/www.veterinazavodsky.sk\/?page_id=24\" \/>\n<meta property=\"og:locale\" content=\"sk_SK\" \/>\n<meta property=\"og:type\" content=\"article\" \/>\n<meta property=\"og:title\" content=\"N\u00e1\u0161 team - Veterina Z\u00e1vodsk\u00fd\" \/>\n<meta property=\"og:description\" content=\"MVDr. R\u00f3bert Z\u00e1vodsk\u00fd, MVDr. Romana Z\u00e1vodsk\u00e1, MVDr. Nina Kopk\u00e1\u0161ov\u00e1, MVDr. Tamara Petrovi\u010dov\u00e1\" \/>\n<meta property=\"og:url\" content=\"https:\/\/www.veterinazavodsky.sk\/?page_id=24\" \/>\n<meta property=\"og:site_name\" content=\"Veterina Z\u00e1vodsk\u00fd\" \/>\n<meta property=\"article:modified_time\" content=\"2024-08-10T08:17:41+00:00\" \/>\n<meta property=\"og:image\" content=\"https:\/\/www.veterinazavodsky.sk\/wp-content\/uploads\/2021\/10\/IMG_4686-768x1024.jpg\" \/>\n<meta name=\"twitter:card\" content=\"summary_large_image\" \/>\n<meta name=\"twitter:label1\" content=\"Predpokladan\u00fd \u010das \u010d\u00edtania\" \/>\n\t<meta name=\"twitter:data1\" content=\"1 min\u00fata\" \/>\n<script type=\"application\/ld+json\" class=\"yoast-schema-graph\">{\"@context\":\"https:\/\/schema.org\",\"@graph\":[{\"@type\":\"WebSite\",\"@id\":\"https:\/\/www.veterinazavodsky.sk\/#website\",\"url\":\"https:\/\/www.veterinazavodsky.sk\/\",\"name\":\"Veterina Z\\u00e1vodsk\\u00fd\",\"description\":\"\",\"potentialAction\":[{\"@type\":\"SearchAction\",\"target\":{\"@type\":\"EntryPoint\",\"urlTemplate\":\"https:\/\/www.veterinazavodsky.sk\/?s={search_term_string}\"},\"query-input\":\"required name=search_term_string\"}],\"inLanguage\":\"sk-SK\"},{\"@type\":\"ImageObject\",\"@id\":\"https:\/\/www.veterinazavodsky.sk\/?page_id=24#primaryimage\",\"inLanguage\":\"sk-SK\",\"url\":\"https:\/\/www.veterinazavodsky.sk\/wp-content\/uploads\/2021\/10\/IMG_4686-scaled.jpg\",\"contentUrl\":\"https:\/\/www.veterinazavodsky.sk\/wp-content\/uploads\/2021\/10\/IMG_4686-scaled.jpg\",\"width\":1920,\"height\":2560},{\"@type\":\"WebPage\",\"@id\":\"https:\/\/www.veterinazavodsky.sk\/?page_id=24#webpage\",\"url\":\"https:\/\/www.veterinazavodsky.sk\/?page_id=24\",\"name\":\"N\\u00e1\\u0161 team - Veterina Z\\u00e1vodsk\\u00fd\",\"isPartOf\":{\"@id\":\"https:\/\/www.veterinazavodsky.sk\/#website\"},\"primaryImageOfPage\":{\"@id\":\"https:\/\/www.veterinazavodsky.sk\/?page_id=24#primaryimage\"},\"datePublished\":\"2021-09-27T18:59:32+00:00\",\"dateModified\":\"2024-08-10T08:17:41+00:00\",\"description\":\"MVDr. R\\u00f3bert Z\\u00e1vodsk\\u00fd, MVDr. Romana Z\\u00e1vodsk\\u00e1, MVDr. Nina Kopk\\u00e1\\u0161ov\\u00e1, MVDr. Tamara Petrovi\\u010dov\\u00e1\",\"breadcrumb\":{\"@id\":\"https:\/\/www.veterinazavodsky.sk\/?page_id=24#breadcrumb\"},\"inLanguage\":\"sk-SK\",\"potentialAction\":[{\"@type\":\"ReadAction\",\"target\":[\"https:\/\/www.veterinazavodsky.sk\/?page_id=24\"]}]},{\"@type\":\"BreadcrumbList\",\"@id\":\"https:\/\/www.veterinazavodsky.sk\/?page_id=24#breadcrumb\",\"itemListElement\":[{\"@type\":\"ListItem\",\"position\":1,\"name\":\"Home\",\"item\":\"https:\/\/www.veterinazavodsky.sk\/\"},{\"@type\":\"ListItem\",\"position\":2,\"name\":\"N\\u00e1\\u0161 team\"}]}]}<\/script>\n<!-- \/ Yoast SEO plugin. -->","yoast_head_json":{"title":"N\u00e1\u0161 team - Veterina Z\u00e1vodsk\u00fd","description":"MVDr. R\u00f3bert Z\u00e1vodsk\u00fd, MVDr. Romana Z\u00e1vodsk\u00e1, MVDr. Nina Kopk\u00e1\u0161ov\u00e1, MVDr. Tamara Petrovi\u010dov\u00e1","robots":{"index":"index","follow":"follow","max-snippet":"max-snippet:-1","max-image-preview":"max-image-preview:large","max-video-preview":"max-video-preview:-1"},"canonical":"https:\/\/www.veterinazavodsky.sk\/?page_id=24","og_locale":"sk_SK","og_type":"article","og_title":"N\u00e1\u0161 team - Veterina Z\u00e1vodsk\u00fd","og_description":"MVDr. R\u00f3bert Z\u00e1vodsk\u00fd, MVDr. Romana Z\u00e1vodsk\u00e1, MVDr. Nina Kopk\u00e1\u0161ov\u00e1, MVDr. Tamara Petrovi\u010dov\u00e1","og_url":"https:\/\/www.veterinazavodsky.sk\/?page_id=24","og_site_name":"Veterina Z\u00e1vodsk\u00fd","article_modified_time":"2024-08-10T08:17:41+00:00","og_image":[{"url":"https:\/\/www.veterinazavodsky.sk\/wp-content\/uploads\/2021\/10\/IMG_4686-768x1024.jpg"}],"twitter_card":"summary_large_image","twitter_misc":{"Predpokladan\u00fd \u010das \u010d\u00edtania":"1 min\u00fata"},"schema":{"@context":"https:\/\/schema.org","@graph":[{"@type":"WebSite","@id":"https:\/\/www.veterinazavodsky.sk\/#website","url":"https:\/\/www.veterinazavodsky.sk\/","name":"Veterina Z\u00e1vodsk\u00fd","description":"","potentialAction":[{"@type":"SearchAction","target":{"@type":"EntryPoint","urlTemplate":"https:\/\/www.veterinazavodsky.sk\/?s={search_term_string}"},"query-input":"required name=search_term_string"}],"inLanguage":"sk-SK"},{"@type":"ImageObject","@id":"https:\/\/www.veterinazavodsky.sk\/?page_id=24#primaryimage","inLanguage":"sk-SK","url":"https:\/\/www.veterinazavodsky.sk\/wp-content\/uploads\/2021\/10\/IMG_4686-scaled.jpg","contentUrl":"https:\/\/www.veterinazavodsky.sk\/wp-content\/uploads\/2021\/10\/IMG_4686-scaled.jpg","width":1920,"height":2560},{"@type":"WebPage","@id":"https:\/\/www.veterinazavodsky.sk\/?page_id=24#webpage","url":"https:\/\/www.veterinazavodsky.sk\/?page_id=24","name":"N\u00e1\u0161 team - Veterina Z\u00e1vodsk\u00fd","isPartOf":{"@id":"https:\/\/www.veterinazavodsky.sk\/#website"},"primaryImageOfPage":{"@id":"https:\/\/www.veterinazavodsky.sk\/?page_id=24#primaryimage"},"datePublished":"2021-09-27T18:59:32+00:00","dateModified":"2024-08-10T08:17:41+00:00","description":"MVDr. R\u00f3bert Z\u00e1vodsk\u00fd, MVDr. Romana Z\u00e1vodsk\u00e1, MVDr. Nina Kopk\u00e1\u0161ov\u00e1, MVDr. Tamara Petrovi\u010dov\u00e1","breadcrumb":{"@id":"https:\/\/www.veterinazavodsky.sk\/?page_id=24#breadcrumb"},"inLanguage":"sk-SK","potentialAction":[{"@type":"ReadAction","target":["https:\/\/www.veterinazavodsky.sk\/?page_id=24"]}]},{"@type":"BreadcrumbList","@id":"https:\/\/www.veterinazavodsky.sk\/?page_id=24#breadcrumb","itemListElement":[{"@type":"ListItem","position":1,"name":"Home","item":"https:\/\/www.veterinazavodsky.sk\/"},{"@type":"ListItem","position":2,"name":"N\u00e1\u0161 team"}]}]}},"_links":{"self":[{"href":"https:\/\/www.veterinazavodsky.sk\/index.php?rest_route=\/wp\/v2\/pages\/24"}],"collection":[{"href":"https:\/\/www.veterinazavodsky.sk\/index.php?rest_route=\/wp\/v2\/pages"}],"about":[{"href":"https:\/\/www.veterinazavodsky.sk\/index.php?rest_route=\/wp\/v2\/types\/page"}],"author":[{"embeddable":true,"href":"https:\/\/www.veterinazavodsky.sk\/index.php?rest_route=\/wp\/v2\/users\/1"}],"replies":[{"embeddable":true,"href":"https:\/\/www.veterinazavodsky.sk\/index.php?rest_route=%2Fwp%2Fv2%2Fcomments&post=24"}],"version-history":[{"count":6,"href":"https:\/\/www.veterinazavodsky.sk\/index.php?rest_route=\/wp\/v2\/pages\/24\/revisions"}],"predecessor-version":[{"id":384,"href":"https:\/\/www.veterinazavodsky.sk\/index.php?rest_route=\/wp\/v2\/pages\/24\/revisions\/384"}],"wp:attachment":[{"href":"https:\/\/www.veterinazavodsky.sk\/index.php?rest_route=%2Fwp%2Fv2%2Fmedia&parent=24"}],"curies":[{"name":"wp","href":"https:\/\/api.w.org\/{rel}","templated":true}]}}