{"id":22,"date":"2021-09-27T20:58:52","date_gmt":"2021-09-27T18:58:52","guid":{"rendered":"https:\/\/www.veterinazavodsky.sk\/?page_id=22"},"modified":"2023-09-28T15:34:37","modified_gmt":"2023-09-28T13:34:37","slug":"priestory-a-vybavenie","status":"publish","type":"page","link":"https:\/\/www.veterinazavodsky.sk\/?page_id=22","title":{"rendered":"Priestory a vybavenie"},"content":{"rendered":"\n<figure class=\"wp-block-gallery columns-1\"><ul class=\"blocks-gallery-grid\"><li class=\"blocks-gallery-item\"><figure><img loading=\"lazy\" width=\"1024\" height=\"768\" src=\"https:\/\/www.veterinazavodsky.sk\/wp-content\/uploads\/2021\/10\/cakaren-1024x768.jpg\" alt=\"\" data-id=\"176\" data-full-url=\"https:\/\/www.veterinazavodsky.sk\/wp-content\/uploads\/2021\/10\/cakaren-scaled.jpg\" data-link=\"https:\/\/www.veterinazavodsky.sk\/?attachment_id=176\" class=\"wp-image-176\" srcset=\"https:\/\/www.veterinazavodsky.sk\/wp-content\/uploads\/2021\/10\/cakaren-1024x768.jpg 1024w, https:\/\/www.veterinazavodsky.sk\/wp-content\/uploads\/2021\/10\/cakaren-300x225.jpg 300w, https:\/\/www.veterinazavodsky.sk\/wp-content\/uploads\/2021\/10\/cakaren-768x576.jpg 768w, https:\/\/www.veterinazavodsky.sk\/wp-content\/uploads\/2021\/10\/cakaren-1536x1152.jpg 1536w, https:\/\/www.veterinazavodsky.sk\/wp-content\/uploads\/2021\/10\/cakaren-2048x1536.jpg 2048w\" sizes=\"(max-width: 1024px) 100vw, 1024px\" \/><\/figure><\/li><li class=\"blocks-gallery-item\"><figure><img loading=\"lazy\" width=\"1024\" height=\"768\" src=\"https:\/\/www.veterinazavodsky.sk\/wp-content\/uploads\/2021\/10\/IMG_3637-1024x768.jpg\" alt=\"\" data-id=\"185\" data-full-url=\"https:\/\/www.veterinazavodsky.sk\/wp-content\/uploads\/2021\/10\/IMG_3637-scaled.jpg\" data-link=\"https:\/\/www.veterinazavodsky.sk\/?attachment_id=185\" class=\"wp-image-185\" srcset=\"https:\/\/www.veterinazavodsky.sk\/wp-content\/uploads\/2021\/10\/IMG_3637-1024x768.jpg 1024w, https:\/\/www.veterinazavodsky.sk\/wp-content\/uploads\/2021\/10\/IMG_3637-300x225.jpg 300w, https:\/\/www.veterinazavodsky.sk\/wp-content\/uploads\/2021\/10\/IMG_3637-768x576.jpg 768w, https:\/\/www.veterinazavodsky.sk\/wp-content\/uploads\/2021\/10\/IMG_3637-1536x1152.jpg 1536w, https:\/\/www.veterinazavodsky.sk\/wp-content\/uploads\/2021\/10\/IMG_3637-2048x1536.jpg 2048w\" sizes=\"(max-width: 1024px) 100vw, 1024px\" \/><\/figure><\/li><li class=\"blocks-gallery-item\"><figure><img loading=\"lazy\" width=\"683\" height=\"1024\" src=\"https:\/\/www.veterinazavodsky.sk\/wp-content\/uploads\/2021\/10\/DSC_7178c-683x1024.jpg\" alt=\"\" data-id=\"180\" data-full-url=\"https:\/\/www.veterinazavodsky.sk\/wp-content\/uploads\/2021\/10\/DSC_7178c-scaled.jpg\" data-link=\"https:\/\/www.veterinazavodsky.sk\/?attachment_id=180\" class=\"wp-image-180\" srcset=\"https:\/\/www.veterinazavodsky.sk\/wp-content\/uploads\/2021\/10\/DSC_7178c-683x1024.jpg 683w, https:\/\/www.veterinazavodsky.sk\/wp-content\/uploads\/2021\/10\/DSC_7178c-200x300.jpg 200w, https:\/\/www.veterinazavodsky.sk\/wp-content\/uploads\/2021\/10\/DSC_7178c-768x1152.jpg 768w, https:\/\/www.veterinazavodsky.sk\/wp-content\/uploads\/2021\/10\/DSC_7178c-1024x1536.jpg 1024w, https:\/\/www.veterinazavodsky.sk\/wp-content\/uploads\/2021\/10\/DSC_7178c-1365x2048.jpg 1365w, https:\/\/www.veterinazavodsky.sk\/wp-content\/uploads\/2021\/10\/DSC_7178c-scaled.jpg 1707w\" sizes=\"(max-width: 683px) 100vw, 683px\" \/><\/figure><\/li><li class=\"blocks-gallery-item\"><figure><img loading=\"lazy\" width=\"1024\" height=\"768\" src=\"https:\/\/www.veterinazavodsky.sk\/wp-content\/uploads\/2021\/10\/IMG_1991-1024x768.jpg\" alt=\"\" data-id=\"187\" data-full-url=\"https:\/\/www.veterinazavodsky.sk\/wp-content\/uploads\/2021\/10\/IMG_1991-scaled.jpg\" data-link=\"https:\/\/www.veterinazavodsky.sk\/?attachment_id=187\" class=\"wp-image-187\" srcset=\"https:\/\/www.veterinazavodsky.sk\/wp-content\/uploads\/2021\/10\/IMG_1991-1024x768.jpg 1024w, https:\/\/www.veterinazavodsky.sk\/wp-content\/uploads\/2021\/10\/IMG_1991-300x225.jpg 300w, https:\/\/www.veterinazavodsky.sk\/wp-content\/uploads\/2021\/10\/IMG_1991-768x576.jpg 768w, https:\/\/www.veterinazavodsky.sk\/wp-content\/uploads\/2021\/10\/IMG_1991-1536x1152.jpg 1536w, https:\/\/www.veterinazavodsky.sk\/wp-content\/uploads\/2021\/10\/IMG_1991-2048x1536.jpg 2048w\" sizes=\"(max-width: 1024px) 100vw, 1024px\" \/><\/figure><\/li><li class=\"blocks-gallery-item\"><figure><img loading=\"lazy\" width=\"1024\" height=\"768\" src=\"https:\/\/www.veterinazavodsky.sk\/wp-content\/uploads\/2021\/10\/IMG_9169-1024x768.jpg\" alt=\"\" data-id=\"188\" data-full-url=\"https:\/\/www.veterinazavodsky.sk\/wp-content\/uploads\/2021\/10\/IMG_9169-scaled.jpg\" data-link=\"https:\/\/www.veterinazavodsky.sk\/?attachment_id=188\" class=\"wp-image-188\" srcset=\"https:\/\/www.veterinazavodsky.sk\/wp-content\/uploads\/2021\/10\/IMG_9169-1024x768.jpg 1024w, https:\/\/www.veterinazavodsky.sk\/wp-content\/uploads\/2021\/10\/IMG_9169-300x225.jpg 300w, https:\/\/www.veterinazavodsky.sk\/wp-content\/uploads\/2021\/10\/IMG_9169-768x576.jpg 768w, https:\/\/www.veterinazavodsky.sk\/wp-content\/uploads\/2021\/10\/IMG_9169-1536x1152.jpg 1536w, https:\/\/www.veterinazavodsky.sk\/wp-content\/uploads\/2021\/10\/IMG_9169-2048x1536.jpg 2048w\" sizes=\"(max-width: 1024px) 100vw, 1024px\" \/><\/figure><\/li><li class=\"blocks-gallery-item\"><figure><img loading=\"lazy\" width=\"1024\" height=\"768\" src=\"https:\/\/www.veterinazavodsky.sk\/wp-content\/uploads\/2021\/10\/IMG_1987-1024x768.jpg\" alt=\"\" data-id=\"190\" data-full-url=\"https:\/\/www.veterinazavodsky.sk\/wp-content\/uploads\/2021\/10\/IMG_1987-scaled.jpg\" data-link=\"https:\/\/www.veterinazavodsky.sk\/?attachment_id=190\" class=\"wp-image-190\" srcset=\"https:\/\/www.veterinazavodsky.sk\/wp-content\/uploads\/2021\/10\/IMG_1987-1024x768.jpg 1024w, https:\/\/www.veterinazavodsky.sk\/wp-content\/uploads\/2021\/10\/IMG_1987-300x225.jpg 300w, https:\/\/www.veterinazavodsky.sk\/wp-content\/uploads\/2021\/10\/IMG_1987-768x576.jpg 768w, https:\/\/www.veterinazavodsky.sk\/wp-content\/uploads\/2021\/10\/IMG_1987-1536x1152.jpg 1536w, https:\/\/www.veterinazavodsky.sk\/wp-content\/uploads\/2021\/10\/IMG_1987-2048x1536.jpg 2048w\" sizes=\"(max-width: 1024px) 100vw, 1024px\" \/><\/figure><\/li><li class=\"blocks-gallery-item\"><figure><img loading=\"lazy\" width=\"1024\" height=\"768\" src=\"https:\/\/www.veterinazavodsky.sk\/wp-content\/uploads\/2021\/10\/IMG_1988-1024x768.jpg\" alt=\"\" data-id=\"191\" data-full-url=\"https:\/\/www.veterinazavodsky.sk\/wp-content\/uploads\/2021\/10\/IMG_1988-scaled.jpg\" data-link=\"https:\/\/www.veterinazavodsky.sk\/?attachment_id=191\" class=\"wp-image-191\" srcset=\"https:\/\/www.veterinazavodsky.sk\/wp-content\/uploads\/2021\/10\/IMG_1988-1024x768.jpg 1024w, https:\/\/www.veterinazavodsky.sk\/wp-content\/uploads\/2021\/10\/IMG_1988-300x225.jpg 300w, https:\/\/www.veterinazavodsky.sk\/wp-content\/uploads\/2021\/10\/IMG_1988-768x576.jpg 768w, https:\/\/www.veterinazavodsky.sk\/wp-content\/uploads\/2021\/10\/IMG_1988-1536x1152.jpg 1536w, https:\/\/www.veterinazavodsky.sk\/wp-content\/uploads\/2021\/10\/IMG_1988-2048x1536.jpg 2048w\" sizes=\"(max-width: 1024px) 100vw, 1024px\" \/><\/figure><\/li><li class=\"blocks-gallery-item\"><figure><img loading=\"lazy\" width=\"1024\" height=\"768\" src=\"https:\/\/www.veterinazavodsky.sk\/wp-content\/uploads\/2021\/10\/IMG_1982-1024x768.jpg\" alt=\"\" data-id=\"189\" data-full-url=\"https:\/\/www.veterinazavodsky.sk\/wp-content\/uploads\/2021\/10\/IMG_1982-scaled.jpg\" data-link=\"https:\/\/www.veterinazavodsky.sk\/?attachment_id=189\" class=\"wp-image-189\" srcset=\"https:\/\/www.veterinazavodsky.sk\/wp-content\/uploads\/2021\/10\/IMG_1982-1024x768.jpg 1024w, https:\/\/www.veterinazavodsky.sk\/wp-content\/uploads\/2021\/10\/IMG_1982-300x225.jpg 300w, https:\/\/www.veterinazavodsky.sk\/wp-content\/uploads\/2021\/10\/IMG_1982-768x576.jpg 768w, https:\/\/www.veterinazavodsky.sk\/wp-content\/uploads\/2021\/10\/IMG_1982-1536x1152.jpg 1536w, https:\/\/www.veterinazavodsky.sk\/wp-content\/uploads\/2021\/10\/IMG_1982-2048x1536.jpg 2048w\" sizes=\"(max-width: 1024px) 100vw, 1024px\" \/><\/figure><\/li><li class=\"blocks-gallery-item\"><figure><img loading=\"lazy\" width=\"1024\" height=\"768\" src=\"https:\/\/www.veterinazavodsky.sk\/wp-content\/uploads\/2021\/10\/IMG_1986-1024x768.jpg\" alt=\"\" data-id=\"193\" data-full-url=\"https:\/\/www.veterinazavodsky.sk\/wp-content\/uploads\/2021\/10\/IMG_1986-scaled.jpg\" data-link=\"https:\/\/www.veterinazavodsky.sk\/?attachment_id=193\" class=\"wp-image-193\" srcset=\"https:\/\/www.veterinazavodsky.sk\/wp-content\/uploads\/2021\/10\/IMG_1986-1024x768.jpg 1024w, https:\/\/www.veterinazavodsky.sk\/wp-content\/uploads\/2021\/10\/IMG_1986-300x225.jpg 300w, https:\/\/www.veterinazavodsky.sk\/wp-content\/uploads\/2021\/10\/IMG_1986-768x576.jpg 768w, https:\/\/www.veterinazavodsky.sk\/wp-content\/uploads\/2021\/10\/IMG_1986-1536x1152.jpg 1536w, https:\/\/www.veterinazavodsky.sk\/wp-content\/uploads\/2021\/10\/IMG_1986-2048x1536.jpg 2048w\" sizes=\"(max-width: 1024px) 100vw, 1024px\" \/><\/figure><\/li><\/ul><\/figure>\n\n\n\n<figure class=\"wp-block-image size-large is-style-default\"><img loading=\"lazy\" width=\"1024\" height=\"683\" src=\"https:\/\/www.veterinazavodsky.sk\/wp-content\/uploads\/2021\/12\/DSC_7237-1024x683.jpg\" alt=\"\" class=\"wp-image-361\" srcset=\"https:\/\/www.veterinazavodsky.sk\/wp-content\/uploads\/2021\/12\/DSC_7237-1024x683.jpg 1024w, https:\/\/www.veterinazavodsky.sk\/wp-content\/uploads\/2021\/12\/DSC_7237-300x200.jpg 300w, https:\/\/www.veterinazavodsky.sk\/wp-content\/uploads\/2021\/12\/DSC_7237-768x512.jpg 768w, https:\/\/www.veterinazavodsky.sk\/wp-content\/uploads\/2021\/12\/DSC_7237-1536x1024.jpg 1536w, https:\/\/www.veterinazavodsky.sk\/wp-content\/uploads\/2021\/12\/DSC_7237-2048x1365.jpg 2048w, https:\/\/www.veterinazavodsky.sk\/wp-content\/uploads\/2021\/12\/DSC_7237-2x1.jpg 2w\" sizes=\"(max-width: 1024px) 100vw, 1024px\" \/><\/figure>\n\n\n\n<figure class=\"wp-block-image size-large is-style-default\"><img loading=\"lazy\" width=\"1024\" height=\"683\" src=\"https:\/\/www.veterinazavodsky.sk\/wp-content\/uploads\/2021\/12\/DSC_7248-1024x683.jpg\" alt=\"\" class=\"wp-image-363\" srcset=\"https:\/\/www.veterinazavodsky.sk\/wp-content\/uploads\/2021\/12\/DSC_7248-1024x683.jpg 1024w, https:\/\/www.veterinazavodsky.sk\/wp-content\/uploads\/2021\/12\/DSC_7248-300x200.jpg 300w, https:\/\/www.veterinazavodsky.sk\/wp-content\/uploads\/2021\/12\/DSC_7248-768x512.jpg 768w, https:\/\/www.veterinazavodsky.sk\/wp-content\/uploads\/2021\/12\/DSC_7248-1536x1024.jpg 1536w, https:\/\/www.veterinazavodsky.sk\/wp-content\/uploads\/2021\/12\/DSC_7248-2048x1365.jpg 2048w, https:\/\/www.veterinazavodsky.sk\/wp-content\/uploads\/2021\/12\/DSC_7248-2x1.jpg 2w\" sizes=\"(max-width: 1024px) 100vw, 1024px\" \/><\/figure>\n\n\n\n<figure class=\"wp-block-image size-large is-style-default\"><img loading=\"lazy\" width=\"1024\" height=\"683\" src=\"https:\/\/www.veterinazavodsky.sk\/wp-content\/uploads\/2021\/12\/DSC_7232-1024x683.jpg\" alt=\"\" class=\"wp-image-365\" srcset=\"https:\/\/www.veterinazavodsky.sk\/wp-content\/uploads\/2021\/12\/DSC_7232-1024x683.jpg 1024w, https:\/\/www.veterinazavodsky.sk\/wp-content\/uploads\/2021\/12\/DSC_7232-300x200.jpg 300w, https:\/\/www.veterinazavodsky.sk\/wp-content\/uploads\/2021\/12\/DSC_7232-768x512.jpg 768w, https:\/\/www.veterinazavodsky.sk\/wp-content\/uploads\/2021\/12\/DSC_7232-1536x1024.jpg 1536w, https:\/\/www.veterinazavodsky.sk\/wp-content\/uploads\/2021\/12\/DSC_7232-2048x1365.jpg 2048w, https:\/\/www.veterinazavodsky.sk\/wp-content\/uploads\/2021\/12\/DSC_7232-2x1.jpg 2w\" sizes=\"(max-width: 1024px) 100vw, 1024px\" \/><\/figure>\n\n\n\n<figure class=\"wp-block-image size-large\"><img loading=\"lazy\" width=\"768\" height=\"1024\" src=\"https:\/\/www.veterinazavodsky.sk\/wp-content\/uploads\/2023\/09\/image0-768x1024.jpeg\" alt=\"\" class=\"wp-image-377\" srcset=\"https:\/\/www.veterinazavodsky.sk\/wp-content\/uploads\/2023\/09\/image0-768x1024.jpeg 768w, https:\/\/www.veterinazavodsky.sk\/wp-content\/uploads\/2023\/09\/image0-225x300.jpeg 225w, https:\/\/www.veterinazavodsky.sk\/wp-content\/uploads\/2023\/09\/image0-1152x1536.jpeg 1152w, https:\/\/www.veterinazavodsky.sk\/wp-content\/uploads\/2023\/09\/image0-1536x2048.jpeg 1536w, https:\/\/www.veterinazavodsky.sk\/wp-content\/uploads\/2023\/09\/image0-1x1.jpeg 1w, https:\/\/www.veterinazavodsky.sk\/wp-content\/uploads\/2023\/09\/image0-scaled.jpeg 1920w\" sizes=\"(max-width: 768px) 100vw, 768px\" \/><\/figure>\n\n\n\n<figure class=\"wp-block-image size-large\"><img loading=\"lazy\" width=\"768\" height=\"1024\" src=\"https:\/\/www.veterinazavodsky.sk\/wp-content\/uploads\/2023\/09\/Snapseed-768x1024.jpg\" alt=\"\" class=\"wp-image-379\" srcset=\"https:\/\/www.veterinazavodsky.sk\/wp-content\/uploads\/2023\/09\/Snapseed-768x1024.jpg 768w, https:\/\/www.veterinazavodsky.sk\/wp-content\/uploads\/2023\/09\/Snapseed-225x300.jpg 225w, https:\/\/www.veterinazavodsky.sk\/wp-content\/uploads\/2023\/09\/Snapseed-1152x1536.jpg 1152w, https:\/\/www.veterinazavodsky.sk\/wp-content\/uploads\/2023\/09\/Snapseed-1536x2048.jpg 1536w, https:\/\/www.veterinazavodsky.sk\/wp-content\/uploads\/2023\/09\/Snapseed-1x1.jpg 1w, https:\/\/www.veterinazavodsky.sk\/wp-content\/uploads\/2023\/09\/Snapseed-scaled.jpg 1920w\" sizes=\"(max-width: 768px) 100vw, 768px\" \/><\/figure>\n\n\n\n<figure class=\"wp-block-image size-large\"><img loading=\"lazy\" width=\"768\" height=\"1024\" src=\"https:\/\/www.veterinazavodsky.sk\/wp-content\/uploads\/2023\/09\/Snapseed-1-768x1024.jpg\" alt=\"\" class=\"wp-image-380\" srcset=\"https:\/\/www.veterinazavodsky.sk\/wp-content\/uploads\/2023\/09\/Snapseed-1-768x1024.jpg 768w, https:\/\/www.veterinazavodsky.sk\/wp-content\/uploads\/2023\/09\/Snapseed-1-225x300.jpg 225w, https:\/\/www.veterinazavodsky.sk\/wp-content\/uploads\/2023\/09\/Snapseed-1-1152x1536.jpg 1152w, https:\/\/www.veterinazavodsky.sk\/wp-content\/uploads\/2023\/09\/Snapseed-1-1536x2048.jpg 1536w, https:\/\/www.veterinazavodsky.sk\/wp-content\/uploads\/2023\/09\/Snapseed-1-1x1.jpg 1w, https:\/\/www.veterinazavodsky.sk\/wp-content\/uploads\/2023\/09\/Snapseed-1-scaled.jpg 1920w\" sizes=\"(max-width: 768px) 100vw, 768px\" \/><\/figure>\n","protected":false},"excerpt":{"rendered":"","protected":false},"author":1,"featured_media":0,"parent":0,"menu_order":0,"comment_status":"closed","ping_status":"closed","template":"","meta":{"_monsterinsights_skip_tracking":false,"_monsterinsights_sitenote_active":false,"_monsterinsights_sitenote_note":"","_monsterinsights_sitenote_category":0},"yoast_head":"<!-- This site is optimized with the Yoast SEO plugin v17.1 - https:\/\/yoast.com\/wordpress\/plugins\/seo\/ -->\n<title>Priestory a vybavenie - Veterina Z\u00e1vodsk\u00fd<\/title>\n<meta name=\"robots\" content=\"index, follow, max-snippet:-1, max-image-preview:large, max-video-preview:-1\" \/>\n<link rel=\"canonical\" href=\"https:\/\/www.veterinazavodsky.sk\/?page_id=22\" \/>\n<meta property=\"og:locale\" content=\"sk_SK\" \/>\n<meta property=\"og:type\" content=\"article\" \/>\n<meta property=\"og:title\" content=\"Priestory a vybavenie - Veterina Z\u00e1vodsk\u00fd\" \/>\n<meta property=\"og:url\" content=\"https:\/\/www.veterinazavodsky.sk\/?page_id=22\" \/>\n<meta property=\"og:site_name\" content=\"Veterina Z\u00e1vodsk\u00fd\" \/>\n<meta property=\"article:modified_time\" content=\"2023-09-28T13:34:37+00:00\" \/>\n<meta property=\"og:image\" content=\"https:\/\/www.veterinazavodsky.sk\/wp-content\/uploads\/2021\/10\/cakaren-1024x768.jpg\" \/>\n<meta name=\"twitter:card\" content=\"summary_large_image\" \/>\n<meta name=\"twitter:label1\" content=\"Predpokladan\u00fd \u010das \u010d\u00edtania\" \/>\n\t<meta name=\"twitter:data1\" content=\"3 min\u00faty\" \/>\n<script type=\"application\/ld+json\" class=\"yoast-schema-graph\">{\"@context\":\"https:\/\/schema.org\",\"@graph\":[{\"@type\":\"WebSite\",\"@id\":\"https:\/\/www.veterinazavodsky.sk\/#website\",\"url\":\"https:\/\/www.veterinazavodsky.sk\/\",\"name\":\"Veterina Z\\u00e1vodsk\\u00fd\",\"description\":\"\",\"potentialAction\":[{\"@type\":\"SearchAction\",\"target\":{\"@type\":\"EntryPoint\",\"urlTemplate\":\"https:\/\/www.veterinazavodsky.sk\/?s={search_term_string}\"},\"query-input\":\"required name=search_term_string\"}],\"inLanguage\":\"sk-SK\"},{\"@type\":\"ImageObject\",\"@id\":\"https:\/\/www.veterinazavodsky.sk\/?page_id=22#primaryimage\",\"inLanguage\":\"sk-SK\",\"url\":\"https:\/\/www.veterinazavodsky.sk\/wp-content\/uploads\/2021\/10\/cakaren-scaled.jpg\",\"contentUrl\":\"https:\/\/www.veterinazavodsky.sk\/wp-content\/uploads\/2021\/10\/cakaren-scaled.jpg\",\"width\":2560,\"height\":1920},{\"@type\":\"WebPage\",\"@id\":\"https:\/\/www.veterinazavodsky.sk\/?page_id=22#webpage\",\"url\":\"https:\/\/www.veterinazavodsky.sk\/?page_id=22\",\"name\":\"Priestory a vybavenie - Veterina Z\\u00e1vodsk\\u00fd\",\"isPartOf\":{\"@id\":\"https:\/\/www.veterinazavodsky.sk\/#website\"},\"primaryImageOfPage\":{\"@id\":\"https:\/\/www.veterinazavodsky.sk\/?page_id=22#primaryimage\"},\"datePublished\":\"2021-09-27T18:58:52+00:00\",\"dateModified\":\"2023-09-28T13:34:37+00:00\",\"breadcrumb\":{\"@id\":\"https:\/\/www.veterinazavodsky.sk\/?page_id=22#breadcrumb\"},\"inLanguage\":\"sk-SK\",\"potentialAction\":[{\"@type\":\"ReadAction\",\"target\":[\"https:\/\/www.veterinazavodsky.sk\/?page_id=22\"]}]},{\"@type\":\"BreadcrumbList\",\"@id\":\"https:\/\/www.veterinazavodsky.sk\/?page_id=22#breadcrumb\",\"itemListElement\":[{\"@type\":\"ListItem\",\"position\":1,\"name\":\"Home\",\"item\":\"https:\/\/www.veterinazavodsky.sk\/\"},{\"@type\":\"ListItem\",\"position\":2,\"name\":\"Priestory a vybavenie\"}]}]}<\/script>\n<!-- \/ Yoast SEO plugin. -->","yoast_head_json":{"title":"Priestory a vybavenie - Veterina Z\u00e1vodsk\u00fd","robots":{"index":"index","follow":"follow","max-snippet":"max-snippet:-1","max-image-preview":"max-image-preview:large","max-video-preview":"max-video-preview:-1"},"canonical":"https:\/\/www.veterinazavodsky.sk\/?page_id=22","og_locale":"sk_SK","og_type":"article","og_title":"Priestory a vybavenie - Veterina Z\u00e1vodsk\u00fd","og_url":"https:\/\/www.veterinazavodsky.sk\/?page_id=22","og_site_name":"Veterina Z\u00e1vodsk\u00fd","article_modified_time":"2023-09-28T13:34:37+00:00","og_image":[{"url":"https:\/\/www.veterinazavodsky.sk\/wp-content\/uploads\/2021\/10\/cakaren-1024x768.jpg"}],"twitter_card":"summary_large_image","twitter_misc":{"Predpokladan\u00fd \u010das \u010d\u00edtania":"3 min\u00faty"},"schema":{"@context":"https:\/\/schema.org","@graph":[{"@type":"WebSite","@id":"https:\/\/www.veterinazavodsky.sk\/#website","url":"https:\/\/www.veterinazavodsky.sk\/","name":"Veterina Z\u00e1vodsk\u00fd","description":"","potentialAction":[{"@type":"SearchAction","target":{"@type":"EntryPoint","urlTemplate":"https:\/\/www.veterinazavodsky.sk\/?s={search_term_string}"},"query-input":"required name=search_term_string"}],"inLanguage":"sk-SK"},{"@type":"ImageObject","@id":"https:\/\/www.veterinazavodsky.sk\/?page_id=22#primaryimage","inLanguage":"sk-SK","url":"https:\/\/www.veterinazavodsky.sk\/wp-content\/uploads\/2021\/10\/cakaren-scaled.jpg","contentUrl":"https:\/\/www.veterinazavodsky.sk\/wp-content\/uploads\/2021\/10\/cakaren-scaled.jpg","width":2560,"height":1920},{"@type":"WebPage","@id":"https:\/\/www.veterinazavodsky.sk\/?page_id=22#webpage","url":"https:\/\/www.veterinazavodsky.sk\/?page_id=22","name":"Priestory a vybavenie - Veterina Z\u00e1vodsk\u00fd","isPartOf":{"@id":"https:\/\/www.veterinazavodsky.sk\/#website"},"primaryImageOfPage":{"@id":"https:\/\/www.veterinazavodsky.sk\/?page_id=22#primaryimage"},"datePublished":"2021-09-27T18:58:52+00:00","dateModified":"2023-09-28T13:34:37+00:00","breadcrumb":{"@id":"https:\/\/www.veterinazavodsky.sk\/?page_id=22#breadcrumb"},"inLanguage":"sk-SK","potentialAction":[{"@type":"ReadAction","target":["https:\/\/www.veterinazavodsky.sk\/?page_id=22"]}]},{"@type":"BreadcrumbList","@id":"https:\/\/www.veterinazavodsky.sk\/?page_id=22#breadcrumb","itemListElement":[{"@type":"ListItem","position":1,"name":"Home","item":"https:\/\/www.veterinazavodsky.sk\/"},{"@type":"ListItem","position":2,"name":"Priestory a vybavenie"}]}]}},"_links":{"self":[{"href":"https:\/\/www.veterinazavodsky.sk\/index.php?rest_route=\/wp\/v2\/pages\/22"}],"collection":[{"href":"https:\/\/www.veterinazavodsky.sk\/index.php?rest_route=\/wp\/v2\/pages"}],"about":[{"href":"https:\/\/www.veterinazavodsky.sk\/index.php?rest_route=\/wp\/v2\/types\/page"}],"author":[{"embeddable":true,"href":"https:\/\/www.veterinazavodsky.sk\/index.php?rest_route=\/wp\/v2\/users\/1"}],"replies":[{"embeddable":true,"href":"https:\/\/www.veterinazavodsky.sk\/index.php?rest_route=%2Fwp%2Fv2%2Fcomments&post=22"}],"version-history":[{"count":5,"href":"https:\/\/www.veterinazavodsky.sk\/index.php?rest_route=\/wp\/v2\/pages\/22\/revisions"}],"predecessor-version":[{"id":381,"href":"https:\/\/www.veterinazavodsky.sk\/index.php?rest_route=\/wp\/v2\/pages\/22\/revisions\/381"}],"wp:attachment":[{"href":"https:\/\/www.veterinazavodsky.sk\/index.php?rest_route=%2Fwp%2Fv2%2Fmedia&parent=22"}],"curies":[{"name":"wp","href":"https:\/\/api.w.org\/{rel}","templated":true}]}}