{"id":2,"date":"2021-09-10T21:31:07","date_gmt":"2021-09-10T19:31:07","guid":{"rendered":"https:\/\/www.veterinazavodsky.sk\/?page_id=2"},"modified":"2023-04-29T15:56:06","modified_gmt":"2023-04-29T13:56:06","slug":"ukazka-strany","status":"publish","type":"page","link":"https:\/\/www.veterinazavodsky.sk\/","title":{"rendered":""},"content":{"rendered":"\n<p><\/p>\n\n\n\n<p><\/p>\n\n\n\n<p><\/p>\n\n\n\n<p><\/p>\n\n\n\n<p class=\"has-text-align-center has-text-color has-medium-font-size\" style=\"color:#7d8386\"><strong>V\u00edtame V\u00e1s na str\u00e1nkach na\u0161ej veterin\u00e1rnej kliniky, ktor\u00e1 poskytuje komplexn\u00fa starostlivos\u0165 o va\u0161ich dom\u00e1cich mil\u00e1\u010dikov u\u017e od roku 1997.<\/strong><\/p>\n\n\n\n<p class=\"has-text-align-center has-text-color has-medium-font-size\" style=\"color:#7d8386\">Na na\u0161ich str\u00e1nkach n\u00e1jdete v\u0161etky d\u00f4le\u017eit\u00e9 inform\u00e1cie o<strong>&nbsp;pr\u00edstrojovom vybaven\u00ed<\/strong>, <strong>poskytovan\u00fdch&nbsp;slu\u017eb\u00e1ch<\/strong>, ako aj&nbsp;odborn\u00e9 \u010dl\u00e1nky, v ktor\u00fdch V\u00e1s obozn\u00e1mime s aktu\u00e1lnymi probl\u00e9mami a ochoreniami u mal\u00fdch zvierat.<\/p>\n\n\n\n<p class=\"has-text-align-center has-text-color has-medium-font-size\" style=\"color:#7d8386\">V rubrike <strong>\u201epriestory a vybavenie\u201c<\/strong> si m\u00f4\u017eete prezrie\u0165 interi\u00e9ry n\u00e1\u0161ho pracoviska. Ak t\u00fa\u017eite nahliadnu\u0165 do z\u00e1kulisia pr\u00e1ce veterin\u00e1rneho lek\u00e1ra,&nbsp;<strong>fotogal\u00e9ria<\/strong>&nbsp;je presne to, \u010do h\u013ead\u00e1te.<\/p>\n\n\n\n<p><\/p>\n\n\n\n<p><\/p>\n\n\n\n<p><\/p>\n\n\n\n<p><\/p>\n\n\n\n<p><\/p>\n\n\n\n<p><\/p>\n\n\n\n<p><\/p>\n\n\n\n<p><\/p>\n\n\n\n<p><\/p>\n\n\n\n<p><\/p>\n\n\n\n<p><\/p>\n\n\n\n<p><\/p>\n\n\n\n<p><\/p>\n\n\n\n<div class=\"wp-block-columns\">\n<div class=\"wp-block-column has-white-background-color has-background\" style=\"flex-basis:100%\">\n<div class=\"wp-block-group\"><div class=\"wp-block-group__inner-container\">\n<div class=\"wp-block-columns\">\n<div class=\"wp-block-column has-white-background-color has-background\" style=\"flex-basis:100%\">\n<p class=\"has-text-align-center has-medium-font-size\"><strong>ORDINA\u010cN\u00c9 HODINY<\/strong><\/p>\n\n\n\n<div class=\"wp-block-columns alignwide\">\n<div class=\"wp-block-column is-vertically-aligned-center\">\n<div class=\"wp-block-columns\">\n<div class=\"wp-block-column is-vertically-aligned-center\">\n<p class=\"has-text-align-center has-background\" style=\"background-color:#f6f672\"><strong>PONDELOK- PIATOK<\/strong><br>10:00 &#8211; 19:00<br><\/p>\n<\/div>\n\n\n\n<div class=\"wp-block-column is-vertically-aligned-top\">\n<p class=\"has-text-align-center has-background\" style=\"background-color:#f6f672\"><strong>SOBOTA<\/strong><br>10:00- 13:00<br><\/p>\n<\/div>\n\n\n\n<div class=\"wp-block-column is-vertically-aligned-top\">\n<p class=\"has-text-align-center has-background\" style=\"background-color:#f6f672\"><strong>NEDE\u013dA<\/strong><br>Zatvoren\u00e9<br><\/p>\n<\/div>\n<\/div>\n\n\n\n<p class=\"has-text-align-center has-normal-font-size\"><\/p>\n<\/div>\n<\/div>\n<\/div>\n<\/div>\n\n\n\n<div class=\"wp-block-columns\">\n<div class=\"wp-block-column\"><\/div>\n<\/div>\n<\/div><\/div>\n<\/div>\n<\/div>\n\n\n\n<p><\/p>\n","protected":false},"excerpt":{"rendered":"<p>V\u00edtame V\u00e1s na str\u00e1nkach na\u0161ej veterin\u00e1rnej kliniky, ktor\u00e1 poskytuje komplexn\u00fa starostlivos\u0165 o va\u0161ich dom\u00e1cich mil\u00e1\u010dikov u\u017e od roku 1997. Na na\u0161ich str\u00e1nkach n\u00e1jdete v\u0161etky d\u00f4le\u017eit\u00e9 inform\u00e1cie o&nbsp;pr\u00edstrojovom vybaven\u00ed, poskytovan\u00fdch&nbsp;slu\u017eb\u00e1ch, ako aj&nbsp;odborn\u00e9 \u010dl\u00e1nky, v ktor\u00fdch V\u00e1s obozn\u00e1mime s aktu\u00e1lnymi probl\u00e9mami a ochoreniami u mal\u00fdch zvierat. V rubrike \u201epriestory a vybavenie\u201c si m\u00f4\u017eete prezrie\u0165 interi\u00e9ry n\u00e1\u0161ho pracoviska. [&hellip;]<\/p>\n","protected":false},"author":1,"featured_media":0,"parent":0,"menu_order":0,"comment_status":"closed","ping_status":"open","template":"","meta":{"_monsterinsights_skip_tracking":false,"_monsterinsights_sitenote_active":false,"_monsterinsights_sitenote_note":"","_monsterinsights_sitenote_category":0},"yoast_head":"<!-- This site is optimized with the Yoast SEO plugin v17.1 - https:\/\/yoast.com\/wordpress\/plugins\/seo\/ -->\n<title>- Veterina Z\u00e1vodsk\u00fd<\/title>\n<meta name=\"robots\" content=\"index, follow, max-snippet:-1, max-image-preview:large, max-video-preview:-1\" \/>\n<link rel=\"canonical\" href=\"https:\/\/www.veterinazavodsky.sk\/\" \/>\n<meta property=\"og:locale\" content=\"sk_SK\" \/>\n<meta property=\"og:type\" content=\"article\" \/>\n<meta property=\"og:title\" content=\"- Veterina Z\u00e1vodsk\u00fd\" \/>\n<meta property=\"og:description\" content=\"V\u00edtame V\u00e1s na str\u00e1nkach na\u0161ej veterin\u00e1rnej kliniky, ktor\u00e1 poskytuje komplexn\u00fa starostlivos\u0165 o va\u0161ich dom\u00e1cich mil\u00e1\u010dikov u\u017e od roku 1997. Na na\u0161ich str\u00e1nkach n\u00e1jdete v\u0161etky d\u00f4le\u017eit\u00e9 inform\u00e1cie o&nbsp;pr\u00edstrojovom vybaven\u00ed, poskytovan\u00fdch&nbsp;slu\u017eb\u00e1ch, ako aj&nbsp;odborn\u00e9 \u010dl\u00e1nky, v ktor\u00fdch V\u00e1s obozn\u00e1mime s aktu\u00e1lnymi probl\u00e9mami a ochoreniami u mal\u00fdch zvierat. V rubrike \u201epriestory a vybavenie\u201c si m\u00f4\u017eete prezrie\u0165 interi\u00e9ry n\u00e1\u0161ho pracoviska. [&hellip;]\" \/>\n<meta property=\"og:url\" content=\"https:\/\/www.veterinazavodsky.sk\/\" \/>\n<meta property=\"og:site_name\" content=\"Veterina Z\u00e1vodsk\u00fd\" \/>\n<meta property=\"article:modified_time\" content=\"2023-04-29T13:56:06+00:00\" \/>\n<meta name=\"twitter:card\" content=\"summary_large_image\" \/>\n<meta name=\"twitter:label1\" content=\"Predpokladan\u00fd \u010das \u010d\u00edtania\" \/>\n\t<meta name=\"twitter:data1\" content=\"1 min\u00fata\" \/>\n<script type=\"application\/ld+json\" class=\"yoast-schema-graph\">{\"@context\":\"https:\/\/schema.org\",\"@graph\":[{\"@type\":\"WebSite\",\"@id\":\"https:\/\/www.veterinazavodsky.sk\/#website\",\"url\":\"https:\/\/www.veterinazavodsky.sk\/\",\"name\":\"Veterina Z\\u00e1vodsk\\u00fd\",\"description\":\"\",\"potentialAction\":[{\"@type\":\"SearchAction\",\"target\":{\"@type\":\"EntryPoint\",\"urlTemplate\":\"https:\/\/www.veterinazavodsky.sk\/?s={search_term_string}\"},\"query-input\":\"required name=search_term_string\"}],\"inLanguage\":\"sk-SK\"},{\"@type\":\"WebPage\",\"@id\":\"https:\/\/www.veterinazavodsky.sk\/#webpage\",\"url\":\"https:\/\/www.veterinazavodsky.sk\/\",\"name\":\"- Veterina Z\\u00e1vodsk\\u00fd\",\"isPartOf\":{\"@id\":\"https:\/\/www.veterinazavodsky.sk\/#website\"},\"datePublished\":\"2021-09-10T19:31:07+00:00\",\"dateModified\":\"2023-04-29T13:56:06+00:00\",\"breadcrumb\":{\"@id\":\"https:\/\/www.veterinazavodsky.sk\/#breadcrumb\"},\"inLanguage\":\"sk-SK\",\"potentialAction\":[{\"@type\":\"ReadAction\",\"target\":[\"https:\/\/www.veterinazavodsky.sk\/\"]}]},{\"@type\":\"BreadcrumbList\",\"@id\":\"https:\/\/www.veterinazavodsky.sk\/#breadcrumb\",\"itemListElement\":[{\"@type\":\"ListItem\",\"position\":1,\"name\":\"Home\",\"item\":\"https:\/\/www.veterinazavodsky.sk\/\"},{\"@type\":\"ListItem\",\"position\":2,\"name\":\"\"}]}]}<\/script>\n<!-- \/ Yoast SEO plugin. -->","yoast_head_json":{"title":"- Veterina Z\u00e1vodsk\u00fd","robots":{"index":"index","follow":"follow","max-snippet":"max-snippet:-1","max-image-preview":"max-image-preview:large","max-video-preview":"max-video-preview:-1"},"canonical":"https:\/\/www.veterinazavodsky.sk\/","og_locale":"sk_SK","og_type":"article","og_title":"- Veterina Z\u00e1vodsk\u00fd","og_description":"V\u00edtame V\u00e1s na str\u00e1nkach na\u0161ej veterin\u00e1rnej kliniky, ktor\u00e1 poskytuje komplexn\u00fa starostlivos\u0165 o va\u0161ich dom\u00e1cich mil\u00e1\u010dikov u\u017e od roku 1997. Na na\u0161ich str\u00e1nkach n\u00e1jdete v\u0161etky d\u00f4le\u017eit\u00e9 inform\u00e1cie o&nbsp;pr\u00edstrojovom vybaven\u00ed, poskytovan\u00fdch&nbsp;slu\u017eb\u00e1ch, ako aj&nbsp;odborn\u00e9 \u010dl\u00e1nky, v ktor\u00fdch V\u00e1s obozn\u00e1mime s aktu\u00e1lnymi probl\u00e9mami a ochoreniami u mal\u00fdch zvierat. V rubrike \u201epriestory a vybavenie\u201c si m\u00f4\u017eete prezrie\u0165 interi\u00e9ry n\u00e1\u0161ho pracoviska. [&hellip;]","og_url":"https:\/\/www.veterinazavodsky.sk\/","og_site_name":"Veterina Z\u00e1vodsk\u00fd","article_modified_time":"2023-04-29T13:56:06+00:00","twitter_card":"summary_large_image","twitter_misc":{"Predpokladan\u00fd \u010das \u010d\u00edtania":"1 min\u00fata"},"schema":{"@context":"https:\/\/schema.org","@graph":[{"@type":"WebSite","@id":"https:\/\/www.veterinazavodsky.sk\/#website","url":"https:\/\/www.veterinazavodsky.sk\/","name":"Veterina Z\u00e1vodsk\u00fd","description":"","potentialAction":[{"@type":"SearchAction","target":{"@type":"EntryPoint","urlTemplate":"https:\/\/www.veterinazavodsky.sk\/?s={search_term_string}"},"query-input":"required name=search_term_string"}],"inLanguage":"sk-SK"},{"@type":"WebPage","@id":"https:\/\/www.veterinazavodsky.sk\/#webpage","url":"https:\/\/www.veterinazavodsky.sk\/","name":"- Veterina Z\u00e1vodsk\u00fd","isPartOf":{"@id":"https:\/\/www.veterinazavodsky.sk\/#website"},"datePublished":"2021-09-10T19:31:07+00:00","dateModified":"2023-04-29T13:56:06+00:00","breadcrumb":{"@id":"https:\/\/www.veterinazavodsky.sk\/#breadcrumb"},"inLanguage":"sk-SK","potentialAction":[{"@type":"ReadAction","target":["https:\/\/www.veterinazavodsky.sk\/"]}]},{"@type":"BreadcrumbList","@id":"https:\/\/www.veterinazavodsky.sk\/#breadcrumb","itemListElement":[{"@type":"ListItem","position":1,"name":"Home","item":"https:\/\/www.veterinazavodsky.sk\/"},{"@type":"ListItem","position":2,"name":""}]}]}},"_links":{"self":[{"href":"https:\/\/www.veterinazavodsky.sk\/index.php?rest_route=\/wp\/v2\/pages\/2"}],"collection":[{"href":"https:\/\/www.veterinazavodsky.sk\/index.php?rest_route=\/wp\/v2\/pages"}],"about":[{"href":"https:\/\/www.veterinazavodsky.sk\/index.php?rest_route=\/wp\/v2\/types\/page"}],"author":[{"embeddable":true,"href":"https:\/\/www.veterinazavodsky.sk\/index.php?rest_route=\/wp\/v2\/users\/1"}],"replies":[{"embeddable":true,"href":"https:\/\/www.veterinazavodsky.sk\/index.php?rest_route=%2Fwp%2Fv2%2Fcomments&post=2"}],"version-history":[{"count":5,"href":"https:\/\/www.veterinazavodsky.sk\/index.php?rest_route=\/wp\/v2\/pages\/2\/revisions"}],"predecessor-version":[{"id":371,"href":"https:\/\/www.veterinazavodsky.sk\/index.php?rest_route=\/wp\/v2\/pages\/2\/revisions\/371"}],"wp:attachment":[{"href":"https:\/\/www.veterinazavodsky.sk\/index.php?rest_route=%2Fwp%2Fv2%2Fmedia&parent=2"}],"curies":[{"name":"wp","href":"https:\/\/api.w.org\/{rel}","templated":true}]}}